{"id":2,"date":"2010-11-04T13:08:42","date_gmt":"2010-11-04T13:08:42","guid":{"rendered":"http:\/\/hadaralevin.com\/words\/?page_id=2"},"modified":"2011-12-30T11:18:45","modified_gmt":"2011-12-30T11:18:45","slug":"about","status":"publish","type":"page","link":"http:\/\/hadaralevin.com\/words\/?page_id=2","title":{"rendered":"HADARA"},"content":{"rendered":"<p style=\"text-align: right;\" dir=\"RTL\">\n<p style=\"text-align: right;\" dir=\"RTL\">\n<p style=\"text-align: right;\" dir=\"RTL\">\n<p style=\"text-align: right;\" dir=\"RTL\">\n<p style=\"text-align: right;\" dir=\"RTL\">\n<p style=\"text-align: right;\" dir=\"RTL\">\n<p style=\"text-align: right;\" dir=\"RTL\"><span style=\"color: #000000; font-size: x-small;\">&#8220;\u00d7\u201d\u00d7\u201c\u00d7\u00a8\u00d7\u201d \u00d7\u201d\u00d7\u2122\u00d7\u0090 \u00d7\u2018\u00d7\u2022\u00d7\u0153\u00d7\u201c\u00d7\u2022\u00d7\u2013\u00d7\u00a8 \u00d7\u00aa\u00d7\u00a8\u00d7\u2018\u00d7\u2022\u00d7\u00aa\u00d7\u2122 \u00d7\u2018\u00d7\u2019\u00d7\u2022\u00d7\u00a3 \u00d7\u00a9\u00d7\u0153 \u00d7\u2018\u00d7\u00a0\u00d7\u0090\u00d7\u201c\u00d7\u009d \u00d7\u0090\u00d7\u2014\u00d7\u201c. \u00d7\u2014\u00d7\u2122\u00d7\u0153\u00d7\u2022\u00d7\u00a0\u00d7\u2122\u00d7\u00aa \u00d7\u2018\u00d7\u2122\u00d7\u00a8\u00d7\u2022\u00d7\u00a9\u00d7\u0153\u00d7\u2122\u00d7\u009d, \u00d7\u00a4\u00d7\u00a1\u00d7\u00a0\u00d7\u00aa\u00d7\u00a8\u00d7\u00a0\u00d7\u2122\u00d7\u00aa \u00d7\u00a9\u00d7\u00a2\u00d7\u2022\u00d7\u00a9\u00d7\u201d F<\/span><span style=\"color: #000000; font-size: x-small;\">\u00d7\u0090\u00d7\u00a0\u00d7\u00a7 \u00d7\u2022\u00d7\u00a8\u00d7\u2022\u00d7\u00a7, \u00d7\u0090\u00d7\u2122\u00d7\u2122\u00d7\u00a7\u00d7\u2022\u00d7\u00a0\u00d7\u2022\u00d7\u00a7\u00d7\u0153\u00d7\u00a1\u00d7\u02dc\u00d7\u2122\u00d7\u00aa \u00d7\u00a0\u00d7\u2014\u00d7\u2022\u00d7\u00a9\u00d7\u201d \u00d7\u2018\u00d7\u00a2\u00d7\u0153\u00d7\u00aa \u00d7\u00a9\u00d7\u017e\u00d7\u2014\u00d7\u00aa \u00d7\u2014\u00d7\u2122\u00d7\u2122\u00d7\u009d \u00d7\u2022\u00d7\u201d\u00d7\u2022\u00d7\u017e\u00d7\u2022\u00d7\u00a8 \u00d7\u00a9\u00d7\u2014\u00d7\u2022\u00d7\u00a8 \u00d7\u2018\u00d7\u2022 \u00d7\u2013\u00d7\u017e\u00d7\u00a0\u00d7\u2122\u00d7\u00aa. \u00d7\u00aa\u00d7\u2014\u00d7\u00a9\u00d7\u2018\u00d7\u2022 \u00d7\u2018\u00d7\u00a8\u00d7\u2022\u00d7\u00a1 \u00d7\u00a1\u00d7\u00a4\u00d7\u00a8\u00d7\u2122\u00d7\u00a0\u00d7\u2019\u00d7\u00a1\u00d7\u02dc\u00d7\u2122\u00d7\u0178 \u00d7\u00a4\u00d7\u2022\u00d7\u2019\u00d7\u00a9 \u00d7\u0090\u00d7\u00aa \u00d7\u0090\u00d7\u0153\u00d7\u00a0\u00d7\u2122\u00d7\u00a1 \u00d7\u017e\u00d7\u2022\u00d7\u00a8\u00d7\u2122\u00d7\u00a1\u00d7\u02dc \u00d7\u2018\u00d7\u00aa\u00d7\u2014\u00d7\u2122\u00d7\u0153\u00d7\u00aa \u00d7\u201c\u00d7\u00a8\u00d7\u203a\u00d7\u009d. \u00d7\u2022\u00d7\u00aa\u00d7\u2014\u00d7\u00a9\u00d7\u2018\u00d7\u2022 \u00d7\u2019\u00d7\u009d \u00d7\u0090\u00d7\u017e\u00d7\u2122\u00d7\u00a0\u00d7\u009d. \u00d7\u201d\u00d7\u2122\u00d7\u0090 \u00d7\u00a1\u00d7\u2022\u00d7\u0153\u00d7\u0153\u00d7\u00aa \u00d7\u0153\u00d7\u00a2\u00d7\u00a6\u00d7\u017e\u00d7\u201d \u00d7\u00a0\u00d7\u2122\u00d7\u00a9\u00d7\u201d \u00d7\u00aa\u00d7\u00a8\u00d7\u2018\u00d7\u2022\u00d7\u00aa\u00d7\u2122\u00d7\u00aa \u00d7\u017e\u00d7\u00a9\u00d7\u0153\u00d7\u201d, \u00d7\u017e\u00d7\u2014\u00d7\u0153\u00d7\u2122\u00d7\u00a4\u00d7\u201d \u00d7\u2013&#8217;\u00d7\u0090\u00d7\u00a0\u00d7\u00a8\u00d7\u2122\u00d7\u009d \u00d7\u2022\u00d7\u2013\u00d7\u201d\u00d7\u2022\u00d7\u2122\u00d7\u2022\u00d7\u00aa. \u00d7\u0090\u00d7\u2122 \u00d7\u0090\u00d7\u00a4\u00d7\u00a9\u00d7\u00a8 \u00d7\u0153\u00d7\u00aa\u00d7\u2122\u00d7\u2122\u00d7\u2019 \u00d7\u0090\u00d7\u2022\u00d7\u00aa\u00d7\u201d. \u00d7\u0090\u00d7\u2122\u00d7\u00a0\u00d7\u02dc\u00d7\u0153\u00d7\u00a7\u00d7\u02dc\u00d7\u2022\u00d7\u0090\u00d7\u0153\u00d7\u2122\u00d7\u00aa \u00d7\u2018\u00d7\u2013\u00d7\u2122\u00d7\u00a8\u00d7\u00aa \u00d7\u201d\u00d7\u00a4\u00d7\u2022\u00d7\u00a4. \u00d7\u2018\u00d7\u017e\u00d7\u2122\u00d7\u0153\u00d7\u2122\u00d7\u009d \u00d7\u017e\u00d7\u2018\u00d7\u00a8\u00d7\u2122\u00d7\u00a7\u00d7\u2022\u00d7\u00aa, \u00d7\u2018\u00d7\u00a8\u00d7\u201d\u00d7\u2122\u00d7\u02dc\u00d7\u2022\u00d7\u00aa \u00d7\u2022\u00d7\u2018\u00d7\u0090\u00d7\u00a0\u00d7\u2122\u00d7\u00a0\u00d7\u2022\u00d7\u00aa, \u00d7\u201d\u00d7\u2122\u00d7\u0090 \u00d7\u00a0\u00d7\u2022\u00d7\u2019\u00d7\u00a1\u00d7\u00aa \u00d7\u2018\u00d7\u203a\u00d7\u0153 \u00d7\u201d\u00d7\u00a4\u00d7\u00a8\u00d7\u2022\u00d7\u00aa \u00d7\u201d\u00d7\u00a7\u00d7\u201c\u00d7\u2022\u00d7\u00a9\u00d7\u2022\u00d7\u00aa&#8230;.\u00d7\u017e\u00d7\u2022\u00d7\u00a9\u00d7\u0153\u00d7\u017e\u00d7\u00aa \u00d7\u017e\u00d7\u2018\u00d7\u2014\u00d7\u2122\u00d7\u00a0\u00d7\u201d \u00d7\u00a8\u00d7\u2019\u00d7\u00a9\u00d7\u2122\u00d7\u00aa, \u00d7\u201d\u00d7\u0090\u00d7\u0153\u00d7\u2018\u00d7\u2022\u00d7\u017e\u00d7\u2122\u00d7\u009d \u00d7\u00a9\u00d7\u0153\u00d7\u201d \u00d7\u201d\u00d7\u009d \u00d7\u0090\u00d7\u2022\u00d7\u00a8\u00d7\u2019\u00d7\u2013\u00d7\u017e\u00d7\u201d \u00d7\u017e\u00d7\u2022\u00d7\u00a1\u00d7\u2122\u00d7\u00a7\u00d7\u0090\u00d7\u0153\u00d7\u2122\u00d7\u00aa.&#8221; <\/span><strong><span style=\"color: #000000; font-size: x-small;\">(\u00d7\u02dc\u00d7\u0090\u00d7\u2018\u00d7\u0153\u00d7\u02dc \u00d7\u017e\u00d7\u2019\u00d7\u0090\u00d7\u2013\u00d7\u2122\u00d7\u0178, \u00d7\u00a0\u00d7\u2122\u00d7\u2022 \u00d7\u2122\u00d7\u2022\u00d7\u00a8\u00d7\u00a7\u00c2\u00a0 2009 -\u00d7\u00aa\u00d7\u00a8\u00d7\u2019\u00d7\u2022\u00d7\u009d)<\/span><\/strong><\/p>\n<p style=\"text-align: right;\" dir=\"RTL\"><span style=\"font-family: arial,helvetica,sans-serif; font-size: x-small;\">\u00c2\u00a0\u00d7\u201d\u00d7\u201c\u00d7\u00a8\u00d7\u201d \u00d7\u0153\u00d7\u2022\u00d7\u2122\u00d7\u0178 \u00d7\u0090\u00d7\u00a8\u00d7\u201c\u00d7\u2122 \u00d7\u201d\u00d7\u2122\u00d7\u0090 \u00d7\u2014\u00d7\u0153\u00d7\u2022\u00d7\u00a6\u00d7\u00aa \u00d7\u201d\u00d7\u00a1\u00d7\u00a6\u00d7\u2122\u00d7\u00a0\u00d7\u201d \u00d7\u201d\u00d7\u00a2\u00d7\u00a6\u00d7\u017e\u00d7\u0090\u00d7\u2122\u00d7\u00aa \u00d7\u2018\u00d7\u0090\u00d7\u00a8\u00d7\u00a5, \u00d7\u2022\u00d7\u0090\u00d7\u2014\u00d7\u00aa \u00d7\u201d\u00d7\u017e\u00d7\u2022\u00d7\u00a1\u00d7\u2122\u00d7\u00a7\u00d7\u0090\u00d7\u2122\u00d7\u2022\u00d7\u00aa \u00d7\u201d\u00d7\u017e\u00d7\u2018\u00d7\u00a8\u00d7\u2122\u00d7\u00a7\u00d7\u2022\u00d7\u00aa \u00d7\u2022\u00d7\u201d\u00d7\u017e\u00d7\u2022\u00d7\u00a2\u00d7\u00a8\u00d7\u203a\u00d7\u2022\u00d7\u00aa \u00d7\u2018\u00d7\u017e\u00d7\u2014\u00d7\u2022\u00d7\u2013\u00d7\u2022\u00d7\u00aa\u00d7\u2122\u00d7\u00a0\u00d7\u2022. \u00d7\u201d\u00d7\u2122\u00d7\u0090 \u00d7\u00a1\u00d7\u2122\u00d7\u2122\u00d7\u017e\u00d7\u201d \u00d7\u0153\u00d7\u2122\u00d7\u017e\u00d7\u2022\u00d7\u201c\u00d7\u2122 \u00d7\u00a7\u00d7\u2022\u00d7\u0153\u00d7\u00a0\u00d7\u2022\u00d7\u00a2 <strong>\u00d7\u2018\u00d7\u0090\u00d7\u2022\u00d7\u00a0\u00d7\u2122\u00d7\u2018\u00d7\u00a8\u00d7\u00a1\u00d7\u2122\u00d7\u02dc\u00d7\u00aa \u00d7\u00a0\u00d7\u2122\u00d7\u2022 \u00d7\u2122\u00d7\u2022\u00d7\u00a8\u00d7\u00a7<\/strong> <strong>NYU<\/strong> <strong>\u00d7\u2018\u00d7\u201d\u00d7\u00a6\u00d7\u02dc\u00d7\u2122\u00d7\u2122\u00d7\u00a0\u00d7\u2022\u00d7\u00aa \u00d7\u2122\u00d7\u00aa\u00d7\u00a8\u00d7\u201d<\/strong> \u00d7\u00a2\u00d7\u009d \u00d7\u017e\u00d7\u00a2\u00d7\u00a0\u00d7\u00a7\u00d7\u2122 \u00d7\u201d\u00d7\u00a6\u00d7\u02dc\u00d7\u2122\u00d7\u2122\u00d7\u00a0\u00d7\u2022\u00d7\u00aa \u00d7\u00a2&#8221;\u00d7\u00a9 <strong>\u00d7\u201d\u00d7\u0153\u00d7\u00a0\u00d7\u201d \u00d7\u00a8\u00d7\u2022\u00d7\u2018\u00d7\u2122\u00d7\u00a0\u00d7\u00a9\u00d7\u02dc\u00d7\u2122\u00d7\u2122\u00d7\u0178 \u00d7\u2022\u00d7\u00a4\u00d7\u0090\u00d7\u2022\u00d7\u0153\u00d7\u02dc \u00d7\u2019\u00d7\u2022\u00d7\u201c\u00d7\u0090\u00d7\u00a8\u00d7\u201c<\/strong>. \u00d7\u2018\u00d7\u2019\u00d7\u2122\u00d7\u0153 24 \u00d7\u203a\u00d7\u00aa\u00d7\u2018\u00d7\u201d \u00d7\u2022\u00d7\u2018\u00d7\u2122\u00d7\u2122\u00d7\u017e\u00d7\u201d \u00d7\u00a4\u00d7\u2122\u00d7\u00a6&#8217;\u00d7\u00a8 \u00d7\u00a2\u00d7\u00a6\u00d7\u017e\u00d7\u0090\u00d7\u2122 \u00d7\u00a8\u00d7\u0090\u00d7\u00a9\u00d7\u2022\u00d7\u0178,\u00c2\u00a0 \u00d7\u0090\u00d7\u2014\u00d7\u00a8\u00d7\u2122 7 \u00d7\u00a9\u00d7\u00a0\u00d7\u2122\u00d7\u009d \u00d7\u2018\u00d7\u00a0\u00d7\u2122\u00d7\u2022 \u00d7\u2122\u00d7\u2022\u00d7\u00a8\u00d7\u00a7, \u00d7\u2014\u00d7\u2013\u00d7\u00a8\u00d7\u201d \u00d7\u0153\u00d7\u0090\u00d7\u00a8\u00d7\u00a5, \u00d7\u00a6\u00d7\u2122\u00d7\u2122\u00d7\u00a8\u00d7\u201d, \u00d7\u00a2\u00d7\u2018\u00d7\u201c\u00d7\u201d \u00d7\u203a\u00d7\u00a2\u00d7\u2122\u00d7\u00aa\u00d7\u2022\u00d7\u00a0\u00d7\u0090\u00d7\u2122\u00d7\u00aa \u00d7\u0153\u00d7\u00a2\u00d7\u00a0\u00d7\u2122\u00d7\u2122\u00d7\u00a0\u00d7\u2122 \u00d7\u00aa\u00d7\u00a8\u00d7\u2018\u00d7\u2022\u00d7\u00aa, \u00d7\u00a4\u00d7\u2122\u00d7\u00a8\u00d7\u00a1\u00d7\u017e\u00d7\u201d \u00d7\u00a1\u00d7\u00a4\u00d7\u00a8 \u00d7\u00a9\u00d7\u2122\u00d7\u00a8\u00d7\u201d \u00d7\u2018\u00d7\u201d\u00d7\u2022\u00d7\u00a6\u00d7\u0090\u00d7\u00aa \u00d7\u00aa\u00d7\u017e\u00d7\u2022\u00d7\u2013, \u00d7\u0153\u00d7\u2122\u00d7\u017e\u00d7\u201c\u00d7\u201d \u00d7\u00a7\u00d7\u2022\u00d7\u0153\u00d7\u00a0\u00d7\u2022\u00d7\u00a2, \u00d7\u2022\u00d7\u2018\u00d7\u2122\u00d7\u2122\u00d7\u017e\u00d7\u201d \u00d7\u00a4\u00d7\u00a8\u00d7\u2022\u00d7\u017e\u00d7\u2022\u00d7\u0090\u00d7\u2122\u00d7\u009d \u00d7\u2022\u00d7\u00a1\u00d7\u00a8\u00d7\u02dc\u00d7\u2122\u00d7\u009d \u00d7\u201c\u00d7\u2022\u00d7\u00a7\u00d7\u2022\u00d7\u017e\u00d7\u00a0\u00d7\u02dc\u00d7\u00a8\u00d7\u2122\u00d7\u009d. \u00d7\u2018\u00d7\u00a9\u00d7\u00a0\u00d7\u00aa 2000 \u00d7\u00a2\u00d7\u00a9\u00d7\u00aa\u00d7\u201d \u00d7\u017e\u00d7\u201d\u00d7\u00a4\u00d7\u0161 \u00d7\u2018\u00d7\u2014\u00d7\u2122\u00d7\u2122\u00d7\u201d, \u00d7\u203a\u00d7\u00a9\u00d7\u201d\u00d7\u00aa\u00d7\u2014\u00d7\u2122\u00d7\u0153\u00d7\u201d, \u00d7\u2018\u00d7\u2019\u00d7\u2122\u00d7\u0153 \u00d7\u017e\u00d7\u0090\u00d7\u2022\u00d7\u2014\u00d7\u00a8, \u00d7\u0153\u00d7\u00a2\u00d7\u00a9\u00d7\u2022\u00d7\u00aa \u00d7\u017e\u00d7\u2022\u00d7\u00a1\u00d7\u2122\u00d7\u00a7\u00d7\u201d \u00d7\u2018\u00d7\u0153\u00d7\u2122 \u00d7\u203a\u00d7\u0153 \u00d7\u00a0\u00d7\u2019\u00d7\u2122\u00d7\u00a2\u00d7\u201d \u00d7\u00a7\u00d7\u2022\u00d7\u201c\u00d7\u017e\u00d7\u00aa \u00d7\u2018\u00d7\u00aa\u00d7\u2014\u00d7\u2022\u00d7\u009d, \u00d7\u201d\u00d7\u00aa\u00d7\u2014\u00d7\u2122\u00d7\u0153\u00d7\u201d \u00d7\u017e\u00d7\u0090\u00d7\u00a4\u00d7\u00a1, \u00d7\u2022\u00d7\u201d\u00d7\u00a4\u00d7\u203a\u00d7\u201d \u00d7\u0153\u00d7\u2122\u00d7\u2022\u00d7\u00a6\u00d7\u00a8\u00d7\u00aa \u00d7\u201d\u00d7\u00a4\u00d7\u2022\u00d7\u00a8\u00d7\u2122\u00d7\u2122\u00d7\u201d \u00d7\u2018\u00d7\u2122\u00d7\u2022\u00d7\u00aa\u00d7\u00a8 \u00d7\u2018\u00d7\u00aa\u00d7\u2014\u00d7\u2022\u00d7\u009d, \u00d7\u2022\u00d7\u0153\u00d7\u0090\u00d7\u2014\u00d7\u00aa \u00d7\u201d\u00d7\u017e\u00d7\u2022\u00d7\u203a\u00d7\u00a9\u00d7\u00a8\u00d7\u2022\u00d7\u00aa, \u00d7\u00a2\u00d7\u009d 10 \u00d7\u0090\u00d7\u0153\u00d7\u2018\u00d7\u2022\u00d7\u017e\u00d7\u2122\u00d7\u009d \u00d7\u00a2\u00d7\u02dc\u00d7\u2022\u00d7\u00a8\u00d7\u2122 \u00d7\u00a9\u00d7\u2018\u00d7\u2014\u00d7\u2122\u00d7\u009d \u00d7\u00aa\u00d7\u2022\u00d7\u0161 9 \u00d7\u00a9\u00d7\u00a0\u00d7\u2122\u00d7\u009d, \u00d7\u017e\u00d7\u00a4\u00d7\u2022\u00d7\u0153\u00d7\u00a7 \u00d7\u00a2\u00d7\u201c \u00d7\u201d\u00d7\u2122\u00d7\u00a4 \u00d7\u201d\u00d7\u2022\u00d7\u00a4, \u00d7\u201d\u00d7\u2022\u00d7\u00a4\u00d7\u00a2\u00d7\u2022\u00d7\u00aa \u00d7\u017e\u00d7\u00a1\u00d7\u2022\u00d7\u00a7\u00d7\u00a8\u00d7\u2022\u00d7\u00aa \u00d7\u2018\u00d7\u0090\u00d7\u2122\u00d7\u00a8\u00d7\u2022\u00d7\u00a4\u00d7\u201d, (<strong>bbc world<\/strong>), \u00d7\u00a9\u00d7\u2122\u00d7\u00aa\u00d7\u2022\u00d7\u00a4\u00d7\u2122 \u00d7\u00a4\u00d7\u00a2\u00d7\u2022\u00d7\u0153\u00d7\u201d \u00d7\u017e\u00d7\u00a8\u00d7\u00a9\u00d7\u2122\u00d7\u017e\u00d7\u2122\u00d7\u009d \u00d7\u2018\u00d7\u2014\u00d7\u2022&#8221;\u00d7\u0153, \u00d7\u2018\u00d7\u2122\u00d7\u0178 \u00d7\u201d\u00d7\u00a9\u00d7\u0090\u00d7\u00a8 \u00d7\u00a2\u00d7\u009d \u00d7\u201d\u00d7\u017e\u00d7\u00a4\u00d7\u2122\u00d7\u00a7 \u00d7\u201d\u00d7\u00a1\u00d7\u00a7\u00d7\u2022\u00d7\u02dc\u00d7\u2122 \u00d7\u00a7\u00d7\u0090\u00d7\u017e\u00d7\u00a8\u00d7\u2022\u00d7\u0178 (<strong>\u00d7\u0090\u00d7\u2022\u00d7\u0090\u00d7\u2013\u00d7\u2122\u00d7\u00a1, \u00d7\u02dc\u00d7\u00a8\u00d7\u0090\u00d7\u2018\u00d7\u2122\u00d7\u00a1, \u00d7\u0090\u00d7\u2122\u00d7\u0090\u00d7\u0178 \u00d7\u2018\u00d7\u00a8\u00d7\u0090\u00d7\u2022\u00d7\u0178, \u00d7\u02dc\u00d7\u2022\u00d7\u00a8\u00d7\u2122 \u00d7\u0090\u00d7\u2122\u00d7\u2122\u00d7\u017e\u00d7\u2022\u00d7\u00a1<\/strong>), \u00d7\u2022\u00d7\u2018\u00d7\u0090\u00d7\u00a8\u00d7\u00a5 (\u00d7\u00a2\u00d7\u009d \u00d7\u00a9\u00d7\u0153\u00d7\u2022\u00d7\u017e\u00d7\u2122 \u00d7\u00a9\u00d7\u2018\u00d7\u0178, \u00d7\u2122\u00d7\u00a8\u00d7\u017e\u00d7\u2122 \u00d7\u00a7\u00d7\u00a4\u00d7\u0153\u00d7\u0178, \u00d7\u00a8\u00d7\u2022\u00d7\u00a0\u00d7\u201d \u00d7\u00a7\u00d7\u2122\u00d7\u00a0\u00d7\u0178, \u00d7\u201d\u00d7\u2018\u00d7\u017e\u00d7\u0090\u00d7\u2122 \u00d7\u00aa\u00d7\u2022\u00d7\u017e\u00d7\u00a8 \u00d7\u201d\u00d7\u2122\u00d7\u2122\u00d7\u017e\u00d7\u0178), \u00d7\u2022\u00d7\u2018\u00d7\u2122\u00d7\u00a7\u00d7\u2022\u00d7\u00a8\u00d7\u2022\u00d7\u00aa \u00d7\u017e\u00d7\u00a9\u00d7\u2018\u00d7\u2014\u00d7\u2022\u00d7\u00aa \u00d7\u2018\u00d7\u0090\u00d7\u00a8\u00d7\u00a5 \u00d7\u2022\u00d7\u2018\u00d7\u00a2\u00d7\u2022\u00d7\u0153\u00d7\u009d. \u00d7\u2018 2012 \u00d7\u2014\u00d7\u2013\u00d7\u00a8\u00d7\u201d \u00d7\u0153\u00d7\u00a2\u00d7\u00aa\u00d7\u2122\u00d7\u201c, \u00d7\u00a0\u00d7\u00a4\u00d7\u00a8\u00d7\u201c\u00d7\u201d \u00d7\u017e\u00d7\u2014\u00d7\u2018\u00d7\u00a8\u00d7\u00aa \u00d7\u201d\u00d7\u00aa\u00d7\u0153\u00d7\u00a7\u00d7\u2122\u00d7\u02dc\u00d7\u2122\u00d7\u009d, \u00d7\u2022\u00d7\u00a2\u00d7\u2022\u00d7\u2018\u00d7\u201c\u00d7\u00aa \u00d7\u203a\u00d7\u00a8\u00d7\u2019\u00d7\u00a2 \u00d7\u00a2\u00d7\u0153 \u00d7\u0090\u00d7\u0153\u00d7\u2018\u00d7\u2022\u00d7\u009d \u00d7\u2014\u00d7\u201c\u00d7\u00a9. \u00d7\u201d\u00d7\u2122\u00d7\u0090 \u00d7\u2019\u00d7\u2122\u00d7\u201c\u00d7\u0153\u00d7\u201d \u00d7\u203a\u00d7\u2014\u00d7\u201c \u00d7\u201d\u00d7\u2022\u00d7\u00a8\u00d7\u2122\u00d7\u00aa \u00d7\u0090\u00d7\u00aa \u00d7\u2018\u00d7\u00a0\u00d7\u201d, \u00d7\u0090\u00d7\u201c\u00d7\u009d \u00d7\u2019&#8217;\u00d7\u2122\u00d7\u2122\u00d7\u017e\u00d7\u00a1 \u00d7\u0153\u00d7\u2022\u00d7\u2122\u00d7\u0178 \u00d7\u0090\u00d7\u00a8\u00d7\u201c\u00d7\u2122, \u00d7\u00a9\u00d7\u00a2\u00d7\u2022\u00d7\u2018\u00d7\u201c \u00d7\u2019\u00d7\u009d \u00d7\u201d\u00d7\u2022\u00d7\u0090 \u00d7\u00a2\u00d7\u0153 \u00d7\u0090\u00d7\u0153\u00d7\u2018\u00d7\u2022\u00d7\u009d \u00d7\u201d\u00d7\u2018\u00d7\u203a\u00d7\u2022\u00d7\u00a8\u00d7\u201d \u00d7\u00a9\u00d7\u0153\u00d7\u2022.<\/span><\/p>\n<p><span style=\"font-family: arial black,avant garde; font-size: medium;\">&#8220;<span style=\"font-family: arial,helvetica,sans-serif; font-size: x-small;\">The most prolific and courageous artist in the Israeli music industry, excelling in her\u00c2\u00a0wickedly brilliant lyrics (I&#8217;m the androgynous lover, I never loved another, but myself, still I need you to love me like nobody else), free spirit and superb songs.&#8221;(Pnai Plus 2009)<\/span><\/span><\/p>\n<p><span style=\"font-family: arial black,avant garde; font-size: medium;\"><span style=\"font-family: book antiqua,palatino; font-size: x-small;\"> <span style=\"font-family: arial,helvetica,sans-serif; font-size: x-small;\">\u00e2\u20ac\u0153She\u00e2\u20ac\u2122s brutally honest, a crazy combination of Tom Waits and Joni Mitchell with a Janis Joplin edge\u00e2\u20ac\u009d (Tony Paris, x-editor of Creative Loafing, US, May 2000)<\/span><\/span><\/span><\/p>\n<p><span style=\"font-family: arial,helvetica,sans-serif; font-size: x-small;\"><span style=\"font-family: arial,helvetica,sans-serif; font-size: x-small;\"><span style=\"font-family: arial,helvetica,sans-serif; font-size: x-small;\"><span style=\"font-family: arial,helvetica,sans-serif; font-size: x-small;\">&#8220;<span style=\"font-family: arial,helvetica,sans-serif; font-size: x-small;\">Emotionally perfect, Hadara<\/span><span style=\"font-family: arial,helvetica,sans-serif; font-size: x-small;\"> is a one-woman cultural steamroller. She\u00e2\u20ac\u2122s a secular Jew living in Jerusalem, a pianist who plays rock music, a determined iconoclast who\u00e2\u20ac\u2122s at once playful and dark-humored\u00e2\u20ac\u201dthink early Bruce Springsteen meets early Alanis Morrisette. Hadara is part of a clique of Israeli artist-intellectuals. She\u00e2\u20ac\u2122s carved out a niche for her own art-pop music. &#8221; ( Matthue Roth, Tablet Magazine, New York 2009 )<\/span><\/span><\/span><br style=\"font-family: arial,helvetica,sans-serif; font-size: x-small;\" \/><\/span><\/span><\/p>\n","protected":false},"excerpt":{"rendered":"<p>&#8220;\u00d7\u201d\u00d7\u201c\u00d7\u00a8\u00d7\u201d \u00d7\u201d\u00d7\u2122\u00d7\u0090 \u00d7\u2018\u00d7\u2022\u00d7\u0153\u00d7\u201c\u00d7\u2022\u00d7\u2013\u00d7\u00a8 \u00d7\u00aa\u00d7\u00a8\u00d7\u2018\u00d7\u2022\u00d7\u00aa\u00d7\u2122 \u00d7\u2018\u00d7\u2019\u00d7\u2022\u00d7\u00a3 \u00d7\u00a9\u00d7\u0153 \u00d7\u2018\u00d7\u00a0\u00d7\u0090\u00d7\u201c\u00d7\u009d \u00d7\u0090\u00d7\u2014\u00d7\u201c. \u00d7\u2014\u00d7\u2122\u00d7\u0153\u00d7\u2022\u00d7\u00a0\u00d7\u2122\u00d7\u00aa \u00d7\u2018\u00d7\u2122\u00d7\u00a8\u00d7\u2022\u00d7\u00a9\u00d7\u0153\u00d7\u2122\u00d7\u009d, \u00d7\u00a4\u00d7\u00a1\u00d7\u00a0\u00d7\u00aa\u00d7\u00a8\u00d7\u00a0\u00d7\u2122\u00d7\u00aa \u00d7\u00a9\u00d7\u00a2\u00d7\u2022\u00d7\u00a9\u00d7\u201d F\u00d7\u0090\u00d7\u00a0\u00d7\u00a7 \u00d7\u2022\u00d7\u00a8\u00d7\u2022\u00d7\u00a7, \u00d7\u0090\u00d7\u2122\u00d7\u2122\u00d7\u00a7\u00d7\u2022\u00d7\u00a0\u00d7\u2022\u00d7\u00a7\u00d7\u0153\u00d7\u00a1\u00d7\u02dc\u00d7\u2122\u00d7\u00aa \u00d7\u00a0\u00d7\u2014\u00d7\u2022\u00d7\u00a9\u00d7\u201d \u00d7\u2018\u00d7\u00a2\u00d7\u0153\u00d7\u00aa \u00d7\u00a9\u00d7\u017e\u00d7\u2014\u00d7\u00aa \u00d7\u2014\u00d7\u2122\u00d7\u2122\u00d7\u009d \u00d7\u2022\u00d7\u201d\u00d7\u2022\u00d7\u017e\u00d7\u2022\u00d7\u00a8 \u00d7\u00a9\u00d7\u2014\u00d7\u2022\u00d7\u00a8 \u00d7\u2018\u00d7\u2022 \u00d7\u2013\u00d7\u017e\u00d7\u00a0\u00d7\u2122\u00d7\u00aa. \u00d7\u00aa\u00d7\u2014\u00d7\u00a9\u00d7\u2018\u00d7\u2022 \u00d7\u2018\u00d7\u00a8\u00d7\u2022\u00d7\u00a1 \u00d7\u00a1\u00d7\u00a4\u00d7\u00a8\u00d7\u2122\u00d7\u00a0\u00d7\u2019\u00d7\u00a1\u00d7\u02dc\u00d7\u2122\u00d7\u0178 \u00d7\u00a4\u00d7\u2022\u00d7\u2019\u00d7\u00a9 \u00d7\u0090\u00d7\u00aa \u00d7\u0090\u00d7\u0153\u00d7\u00a0\u00d7\u2122\u00d7\u00a1 \u00d7\u017e\u00d7\u2022\u00d7\u00a8\u00d7\u2122\u00d7\u00a1\u00d7\u02dc \u00d7\u2018\u00d7\u00aa\u00d7\u2014\u00d7\u2122\u00d7\u0153\u00d7\u00aa \u00d7\u201c\u00d7\u00a8\u00d7\u203a\u00d7\u009d. \u00d7\u2022\u00d7\u00aa\u00d7\u2014\u00d7\u00a9\u00d7\u2018\u00d7\u2022 \u00d7\u2019\u00d7\u009d \u00d7\u0090\u00d7\u017e\u00d7\u2122\u00d7\u00a0\u00d7\u009d. \u00d7\u201d\u00d7\u2122\u00d7\u0090 \u00d7\u00a1\u00d7\u2022\u00d7\u0153\u00d7\u0153\u00d7\u00aa \u00d7\u0153\u00d7\u00a2\u00d7\u00a6\u00d7\u017e\u00d7\u201d \u00d7\u00a0\u00d7\u2122\u00d7\u00a9\u00d7\u201d \u00d7\u00aa\u00d7\u00a8\u00d7\u2018\u00d7\u2022\u00d7\u00aa\u00d7\u2122\u00d7\u00aa \u00d7\u017e\u00d7\u00a9\u00d7\u0153\u00d7\u201d, \u00d7\u017e\u00d7\u2014\u00d7\u0153\u00d7\u2122\u00d7\u00a4\u00d7\u201d \u00d7\u2013&#8217;\u00d7\u0090\u00d7\u00a0\u00d7\u00a8\u00d7\u2122\u00d7\u009d \u00d7\u2022\u00d7\u2013\u00d7\u201d\u00d7\u2022\u00d7\u2122\u00d7\u2022\u00d7\u00aa. \u00d7\u0090\u00d7\u2122 \u00d7\u0090\u00d7\u00a4\u00d7\u00a9\u00d7\u00a8 \u00d7\u0153\u00d7\u00aa\u00d7\u2122\u00d7\u2122\u00d7\u2019 \u00d7\u0090\u00d7\u2022\u00d7\u00aa\u00d7\u201d. \u00d7\u0090\u00d7\u2122\u00d7\u00a0\u00d7\u02dc\u00d7\u0153\u00d7\u00a7\u00d7\u02dc\u00d7\u2022\u00d7\u0090\u00d7\u0153\u00d7\u2122\u00d7\u00aa \u00d7\u2018\u00d7\u2013\u00d7\u2122\u00d7\u00a8\u00d7\u00aa \u00d7\u201d\u00d7\u00a4\u00d7\u2022\u00d7\u00a4. \u00d7\u2018\u00d7\u017e\u00d7\u2122\u00d7\u0153\u00d7\u2122\u00d7\u009d \u00d7\u017e\u00d7\u2018\u00d7\u00a8\u00d7\u2122\u00d7\u00a7\u00d7\u2022\u00d7\u00aa, \u00d7\u2018\u00d7\u00a8\u00d7\u201d\u00d7\u2122\u00d7\u02dc\u00d7\u2022\u00d7\u00aa \u00d7\u2022\u00d7\u2018\u00d7\u0090\u00d7\u00a0\u00d7\u2122\u00d7\u00a0\u00d7\u2022\u00d7\u00aa, [&hellip;]<\/p>\n","protected":false},"author":1,"featured_media":0,"parent":0,"menu_order":0,"comment_status":"open","ping_status":"open","template":"","meta":[],"_links":{"self":[{"href":"http:\/\/hadaralevin.com\/words\/index.php?rest_route=\/wp\/v2\/pages\/2"}],"collection":[{"href":"http:\/\/hadaralevin.com\/words\/index.php?rest_route=\/wp\/v2\/pages"}],"about":[{"href":"http:\/\/hadaralevin.com\/words\/index.php?rest_route=\/wp\/v2\/types\/page"}],"author":[{"embeddable":true,"href":"http:\/\/hadaralevin.com\/words\/index.php?rest_route=\/wp\/v2\/users\/1"}],"replies":[{"embeddable":true,"href":"http:\/\/hadaralevin.com\/words\/index.php?rest_route=%2Fwp%2Fv2%2Fcomments&post=2"}],"version-history":[{"count":2,"href":"http:\/\/hadaralevin.com\/words\/index.php?rest_route=\/wp\/v2\/pages\/2\/revisions"}],"predecessor-version":[{"id":76,"href":"http:\/\/hadaralevin.com\/words\/index.php?rest_route=\/wp\/v2\/pages\/2\/revisions\/76"}],"wp:attachment":[{"href":"http:\/\/hadaralevin.com\/words\/index.php?rest_route=%2Fwp%2Fv2%2Fmedia&parent=2"}],"curies":[{"name":"wp","href":"https:\/\/api.w.org\/{rel}","templated":true}]}}